{"id":25,"date":"2026-04-04T16:19:05","date_gmt":"2026-04-04T16:19:05","guid":{"rendered":"https:\/\/rotumas.lt\/?page_id=25"},"modified":"2026-04-08T10:30:50","modified_gmt":"2026-04-08T10:30:50","slug":"projektai","status":"publish","type":"page","link":"https:\/\/rotumas.lt\/index.php\/projektai\/","title":{"rendered":"Projektai"},"content":{"rendered":"\t\t<div data-elementor-type=\"wp-page\" data-elementor-id=\"25\" class=\"elementor elementor-25\" data-elementor-post-type=\"page\">\n\t\t\t\t<div class=\"elementor-element elementor-element-c354f6d e-flex e-con-boxed e-con e-parent\" data-id=\"c354f6d\" data-element_type=\"container\" data-e-type=\"container\" data-settings=\"{&quot;background_background&quot;:&quot;classic&quot;}\">\n\t\t\t\t\t<div class=\"e-con-inner\">\n\t\t\t\t\t<\/div>\n\t\t\t\t<\/div>\n\t\t<div class=\"elementor-element elementor-element-244943f e-flex e-con-boxed e-con e-parent\" data-id=\"244943f\" data-element_type=\"container\" data-e-type=\"container\" data-settings=\"{&quot;background_background&quot;:&quot;gradient&quot;}\">\n\t\t\t\t\t<div class=\"e-con-inner\">\n\t\t\t\t<div class=\"elementor-element elementor-element-d1b2795 elementor-widget elementor-widget-heading\" data-id=\"d1b2795\" data-element_type=\"widget\" data-e-type=\"widget\" data-widget_type=\"heading.default\">\n\t\t\t\t\t<h2 class=\"elementor-heading-title elementor-size-default\">PROJEKTAI<\/h2>\t\t\t\t<\/div>\n\t\t<div class=\"elementor-element elementor-element-227195b e-con-full e-flex e-con e-child\" data-id=\"227195b\" data-element_type=\"container\" data-e-type=\"container\">\n\t\t\t\t<div class=\"elementor-element elementor-element-17b3def elementor-widget elementor-widget-text-editor\" data-id=\"17b3def\" data-element_type=\"widget\" data-e-type=\"widget\" data-widget_type=\"text-editor.default\">\n\t\t\t\t\t\t\t\t\t<p data-start=\"115\" data-end=\"405\">Did\u017eiuojam\u0117s gal\u0117dami pad\u0117ti \u017emon\u0117ms \u012fsidarbinti \u012fvairiuose pastoli\u0173 projektuose Lietuvoje ir u\u017esienyje, kur svarbiausia \u2013 patikimumas, ai\u0161kios s\u0105lygos ir stabilus darbas. Kiekviena m\u016bs\u0173 atranka grind\u017eiama atsakingu po\u017ei\u016briu ir siekiu pasi\u016blyti jums geriausi\u0105 \u012fmanom\u0105 darbo variant\u0105.<\/p>\t\t\t\t\t\t\t\t<\/div>\n\t\t\t\t<div class=\"elementor-element elementor-element-76d91b0 elementor-widget elementor-widget-image\" data-id=\"76d91b0\" data-element_type=\"widget\" data-e-type=\"widget\" data-widget_type=\"image.default\">\n\t\t\t\t\t\t\t\t\t\t\t\t\t\t\t<img fetchpriority=\"high\" decoding=\"async\" width=\"800\" height=\"600\" src=\"https:\/\/rotumas.lt\/wp-content\/uploads\/2026\/04\/google-hq-proscaf-scaffolding_7411-scaled-1.jpg\" class=\"attachment-large size-large wp-image-897\" alt=\"\" \/>\t\t\t\t\t\t\t\t\t\t\t\t\t\t\t<\/div>\n\t\t\t\t<\/div>\n\t\t\t\t<div class=\"elementor-element elementor-element-a4b1104 elementor-widget elementor-widget-image-carousel\" data-id=\"a4b1104\" data-element_type=\"widget\" data-e-type=\"widget\" data-settings=\"{&quot;slides_to_show&quot;:&quot;4&quot;,&quot;slides_to_scroll&quot;:&quot;1&quot;,&quot;navigation&quot;:&quot;none&quot;,&quot;autoplay_speed&quot;:2000,&quot;speed&quot;:2000,&quot;image_spacing_custom&quot;:{&quot;unit&quot;:&quot;px&quot;,&quot;size&quot;:10,&quot;sizes&quot;:[]},&quot;slides_to_show_mobile&quot;:&quot;2&quot;,&quot;autoplay&quot;:&quot;yes&quot;,&quot;infinite&quot;:&quot;yes&quot;,&quot;image_spacing_custom_tablet&quot;:{&quot;unit&quot;:&quot;px&quot;,&quot;size&quot;:&quot;&quot;,&quot;sizes&quot;:[]},&quot;image_spacing_custom_mobile&quot;:{&quot;unit&quot;:&quot;px&quot;,&quot;size&quot;:&quot;&quot;,&quot;sizes&quot;:[]}}\" data-widget_type=\"image-carousel.default\">\n\t\t\t\t\t\t\t<div class=\"elementor-image-carousel-wrapper swiper\" role=\"region\" aria-roledescription=\"carousel\" aria-label=\"Image Carousel\" dir=\"ltr\">\n\t\t\t<div class=\"elementor-image-carousel swiper-wrapper\" aria-live=\"off\">\n\t\t\t\t\t\t\t\t<div class=\"swiper-slide\" role=\"group\" aria-roledescription=\"slide\" aria-label=\"1 of 8\"><figure class=\"swiper-slide-inner\"><img decoding=\"async\" class=\"swiper-slide-image\" src=\"https:\/\/rotumas.lt\/wp-content\/uploads\/2026\/04\/343b5320-d189-457f-82ae-7f3cf0b81fd1.png\" alt=\"343b5320-d189-457f-82ae-7f3cf0b81fd1\" \/><\/figure><\/div><div class=\"swiper-slide\" role=\"group\" aria-roledescription=\"slide\" aria-label=\"2 of 8\"><figure class=\"swiper-slide-inner\"><img decoding=\"async\" class=\"swiper-slide-image\" src=\"https:\/\/rotumas.lt\/wp-content\/uploads\/2026\/04\/6779723a-740c-47bf-a2d1-f03df043686d-1.png\" alt=\"6779723a-740c-47bf-a2d1-f03df043686d\" \/><\/figure><\/div><div class=\"swiper-slide\" role=\"group\" aria-roledescription=\"slide\" aria-label=\"3 of 8\"><figure class=\"swiper-slide-inner\"><img decoding=\"async\" class=\"swiper-slide-image\" src=\"https:\/\/rotumas.lt\/wp-content\/uploads\/2026\/04\/b384f97a-98bb-4b0c-b431-5bd24a1ee351-1.png\" alt=\"b384f97a-98bb-4b0c-b431-5bd24a1ee351\" \/><\/figure><\/div><div class=\"swiper-slide\" role=\"group\" aria-roledescription=\"slide\" aria-label=\"4 of 8\"><figure class=\"swiper-slide-inner\"><img decoding=\"async\" class=\"swiper-slide-image\" src=\"https:\/\/rotumas.lt\/wp-content\/uploads\/2026\/04\/dd9e8d98-b020-4f5d-8de3-47cb47aece0a.png\" alt=\"dd9e8d98-b020-4f5d-8de3-47cb47aece0a\" \/><\/figure><\/div><div class=\"swiper-slide\" role=\"group\" aria-roledescription=\"slide\" aria-label=\"5 of 8\"><figure class=\"swiper-slide-inner\"><img decoding=\"async\" class=\"swiper-slide-image\" src=\"https:\/\/rotumas.lt\/wp-content\/uploads\/2026\/04\/e54dd8e5-96d4-4723-ba21-4f23428fd1e2.png\" alt=\"e54dd8e5-96d4-4723-ba21-4f23428fd1e2\" \/><\/figure><\/div><div class=\"swiper-slide\" role=\"group\" aria-roledescription=\"slide\" aria-label=\"6 of 8\"><figure class=\"swiper-slide-inner\"><img decoding=\"async\" class=\"swiper-slide-image\" src=\"https:\/\/rotumas.lt\/wp-content\/uploads\/2026\/04\/Screenshot_2026-04-05_000738-removebg-preview.png\" alt=\"Screenshot_2026-04-05_000738-removebg-preview\" \/><\/figure><\/div><div class=\"swiper-slide\" role=\"group\" aria-roledescription=\"slide\" aria-label=\"7 of 8\"><figure class=\"swiper-slide-inner\"><img decoding=\"async\" class=\"swiper-slide-image\" src=\"https:\/\/rotumas.lt\/wp-content\/uploads\/2026\/04\/ed641b23-18a5-4fd8-b091-3ca421fbe0a1.png\" alt=\"ed641b23-18a5-4fd8-b091-3ca421fbe0a1\" \/><\/figure><\/div><div class=\"swiper-slide\" role=\"group\" aria-roledescription=\"slide\" aria-label=\"8 of 8\"><figure class=\"swiper-slide-inner\"><img decoding=\"async\" class=\"swiper-slide-image\" src=\"https:\/\/rotumas.lt\/wp-content\/uploads\/2026\/04\/54642e6d-f074-4e7d-8865-16ddfdc0aea4.png\" alt=\"54642e6d-f074-4e7d-8865-16ddfdc0aea4\" \/><\/figure><\/div>\t\t\t<\/div>\n\t\t\t\t\t\t\t\n\t\t\t\t\t\t\t\t\t<\/div>\n\t\t\t\t\t\t<\/div>\n\t\t\t\t\t<\/div>\n\t\t\t\t<\/div>\n\t\t\t\t<\/div>\n\t\t","protected":false},"excerpt":{"rendered":"<p>PROJEKTAI Did\u017eiuojam\u0117s gal\u0117dami pad\u0117ti \u017emon\u0117ms \u012fsidarbinti \u012fvairiuose pastoli\u0173 projektuose Lietuvoje ir u\u017esienyje, kur svarbiausia \u2013 patikimumas, ai\u0161kios s\u0105lygos ir stabilus darbas. Kiekviena m\u016bs\u0173 atranka grind\u017eiama atsakingu po\u017ei\u016briu ir siekiu pasi\u016blyti jums geriausi\u0105 \u012fmanom\u0105 darbo variant\u0105.<\/p>\n","protected":false},"author":1,"featured_media":0,"parent":0,"menu_order":0,"comment_status":"closed","ping_status":"closed","template":"","meta":{"footnotes":""},"class_list":["post-25","page","type-page","status-publish","hentry"],"_links":{"self":[{"href":"https:\/\/rotumas.lt\/index.php\/wp-json\/wp\/v2\/pages\/25","targetHints":{"allow":["GET"]}}],"collection":[{"href":"https:\/\/rotumas.lt\/index.php\/wp-json\/wp\/v2\/pages"}],"about":[{"href":"https:\/\/rotumas.lt\/index.php\/wp-json\/wp\/v2\/types\/page"}],"author":[{"embeddable":true,"href":"https:\/\/rotumas.lt\/index.php\/wp-json\/wp\/v2\/users\/1"}],"replies":[{"embeddable":true,"href":"https:\/\/rotumas.lt\/index.php\/wp-json\/wp\/v2\/comments?post=25"}],"version-history":[{"count":40,"href":"https:\/\/rotumas.lt\/index.php\/wp-json\/wp\/v2\/pages\/25\/revisions"}],"predecessor-version":[{"id":903,"href":"https:\/\/rotumas.lt\/index.php\/wp-json\/wp\/v2\/pages\/25\/revisions\/903"}],"wp:attachment":[{"href":"https:\/\/rotumas.lt\/index.php\/wp-json\/wp\/v2\/media?parent=25"}],"curies":[{"name":"wp","href":"https:\/\/api.w.org\/{rel}","templated":true}]}}